{"id":1769,"date":"2022-10-12T13:49:51","date_gmt":"2022-10-12T11:49:51","guid":{"rendered":"https:\/\/reimagine-project.eu\/ergebnisse-des-projekts\/"},"modified":"2024-06-26T14:58:19","modified_gmt":"2024-06-26T12:58:19","slug":"ergebnisse-des-projekts","status":"publish","type":"page","link":"https:\/\/reimagine-project.eu\/de\/ergebnisse-des-projekts\/","title":{"rendered":"Ergebnisse des Projekts"},"content":{"rendered":"\t\t<div data-elementor-type=\"wp-page\" data-elementor-id=\"1769\" class=\"elementor elementor-1769 elementor-19\" data-elementor-post-type=\"page\">\n\t\t\t\t\t\t<section class=\"elementor-section elementor-top-section elementor-element elementor-element-08c3fd3 elementor-section-boxed elementor-section-height-default elementor-section-height-default\" data-id=\"08c3fd3\" data-element_type=\"section\" data-settings=\"{&quot;background_background&quot;:&quot;classic&quot;}\">\n\t\t\t\t\t\t\t<div class=\"elementor-background-overlay\"><\/div>\n\t\t\t\t\t\t\t<div class=\"elementor-container elementor-column-gap-default\">\n\t\t\t\t\t<div class=\"elementor-column elementor-col-100 elementor-top-column elementor-element elementor-element-22d9f5a\" data-id=\"22d9f5a\" data-element_type=\"column\">\n\t\t\t<div class=\"elementor-widget-wrap elementor-element-populated\">\n\t\t\t\t\t\t<div class=\"elementor-element elementor-element-00c4565 elementor-widget elementor-widget-spacer\" data-id=\"00c4565\" data-element_type=\"widget\" data-widget_type=\"spacer.default\">\n\t\t\t\t<div class=\"elementor-widget-container\">\n\t\t\t<style>\/*! elementor - v3.22.0 - 24-06-2024 *\/\n.elementor-column .elementor-spacer-inner{height:var(--spacer-size)}.e-con{--container-widget-width:100%}.e-con-inner>.elementor-widget-spacer,.e-con>.elementor-widget-spacer{width:var(--container-widget-width,var(--spacer-size));--align-self:var(--container-widget-align-self,initial);--flex-shrink:0}.e-con-inner>.elementor-widget-spacer>.elementor-widget-container,.e-con>.elementor-widget-spacer>.elementor-widget-container{height:100%;width:100%}.e-con-inner>.elementor-widget-spacer>.elementor-widget-container>.elementor-spacer,.e-con>.elementor-widget-spacer>.elementor-widget-container>.elementor-spacer{height:100%}.e-con-inner>.elementor-widget-spacer>.elementor-widget-container>.elementor-spacer>.elementor-spacer-inner,.e-con>.elementor-widget-spacer>.elementor-widget-container>.elementor-spacer>.elementor-spacer-inner{height:var(--container-widget-height,var(--spacer-size))}.e-con-inner>.elementor-widget-spacer.elementor-widget-empty,.e-con>.elementor-widget-spacer.elementor-widget-empty{position:relative;min-height:22px;min-width:22px}.e-con-inner>.elementor-widget-spacer.elementor-widget-empty .elementor-widget-empty-icon,.e-con>.elementor-widget-spacer.elementor-widget-empty .elementor-widget-empty-icon{position:absolute;top:0;bottom:0;left:0;right:0;margin:auto;padding:0;width:22px;height:22px}<\/style>\t\t<div class=\"elementor-spacer\">\n\t\t\t<div class=\"elementor-spacer-inner\"><\/div>\n\t\t<\/div>\n\t\t\t\t<\/div>\n\t\t\t\t<\/div>\n\t\t\t\t\t<\/div>\n\t\t<\/div>\n\t\t\t\t\t<\/div>\n\t\t<\/section>\n\t\t\t\t<section class=\"elementor-section elementor-top-section elementor-element elementor-element-ac0d9f0 elementor-section-boxed elementor-section-height-default elementor-section-height-default\" data-id=\"ac0d9f0\" data-element_type=\"section\">\n\t\t\t\t\t\t<div class=\"elementor-container elementor-column-gap-default\">\n\t\t\t\t\t<div class=\"elementor-column elementor-col-100 elementor-top-column elementor-element elementor-element-b0cf7fd\" data-id=\"b0cf7fd\" data-element_type=\"column\">\n\t\t\t<div class=\"elementor-widget-wrap elementor-element-populated\">\n\t\t\t\t\t\t<div class=\"elementor-element elementor-element-44ab75f elementor-widget elementor-widget-spacer\" data-id=\"44ab75f\" data-element_type=\"widget\" data-widget_type=\"spacer.default\">\n\t\t\t\t<div class=\"elementor-widget-container\">\n\t\t\t\t\t<div class=\"elementor-spacer\">\n\t\t\t<div class=\"elementor-spacer-inner\"><\/div>\n\t\t<\/div>\n\t\t\t\t<\/div>\n\t\t\t\t<\/div>\n\t\t\t\t<div class=\"elementor-element elementor-element-c107b8c elementor-widget elementor-widget-heading\" data-id=\"c107b8c\" data-element_type=\"widget\" data-widget_type=\"heading.default\">\n\t\t\t\t<div class=\"elementor-widget-container\">\n\t\t\t<style>\/*! elementor - v3.22.0 - 24-06-2024 *\/\n.elementor-heading-title{padding:0;margin:0;line-height:1}.elementor-widget-heading .elementor-heading-title[class*=elementor-size-]>a{color:inherit;font-size:inherit;line-height:inherit}.elementor-widget-heading .elementor-heading-title.elementor-size-small{font-size:15px}.elementor-widget-heading .elementor-heading-title.elementor-size-medium{font-size:19px}.elementor-widget-heading .elementor-heading-title.elementor-size-large{font-size:29px}.elementor-widget-heading .elementor-heading-title.elementor-size-xl{font-size:39px}.elementor-widget-heading .elementor-heading-title.elementor-size-xxl{font-size:59px}<\/style><h2 class=\"elementor-heading-title elementor-size-default\">Ergebnisse des Projekts<\/h2>\t\t<\/div>\n\t\t\t\t<\/div>\n\t\t\t\t<div class=\"elementor-element elementor-element-7abd150 elementor-widget elementor-widget-text-editor\" data-id=\"7abd150\" data-element_type=\"widget\" data-widget_type=\"text-editor.default\">\n\t\t\t\t<div class=\"elementor-widget-container\">\n\t\t\t<style>\/*! elementor - v3.22.0 - 24-06-2024 *\/\n.elementor-widget-text-editor.elementor-drop-cap-view-stacked .elementor-drop-cap{background-color:#69727d;color:#fff}.elementor-widget-text-editor.elementor-drop-cap-view-framed .elementor-drop-cap{color:#69727d;border:3px solid;background-color:transparent}.elementor-widget-text-editor:not(.elementor-drop-cap-view-default) .elementor-drop-cap{margin-top:8px}.elementor-widget-text-editor:not(.elementor-drop-cap-view-default) .elementor-drop-cap-letter{width:1em;height:1em}.elementor-widget-text-editor .elementor-drop-cap{float:left;text-align:center;line-height:1;font-size:50px}.elementor-widget-text-editor .elementor-drop-cap-letter{display:inline-block}<\/style>\t\t\t\t<p>Das Projekt &#8222;Reimagine Distance Learning&#8220; konzentriert sich auf die Verbesserung der F\u00e4higkeiten von Erwachsenenp\u00e4dagogen bei der Anwendung konsistenter Ans\u00e4tze f\u00fcr den Fernunterricht, die von der Methodik des Instruktionsdesigns inspiriert sind, und leistet damit einen wichtigen Beitrag zur modernen \u00c4ra der Erwachsenenbildung.<\/p>\n\t\t\t\t\t\t<\/div>\n\t\t\t\t<\/div>\n\t\t\t\t<div class=\"elementor-element elementor-element-fa240fd elementor-widget elementor-widget-spacer\" data-id=\"fa240fd\" data-element_type=\"widget\" data-widget_type=\"spacer.default\">\n\t\t\t\t<div class=\"elementor-widget-container\">\n\t\t\t\t\t<div class=\"elementor-spacer\">\n\t\t\t<div class=\"elementor-spacer-inner\"><\/div>\n\t\t<\/div>\n\t\t\t\t<\/div>\n\t\t\t\t<\/div>\n\t\t\t\t\t<\/div>\n\t\t<\/div>\n\t\t\t\t\t<\/div>\n\t\t<\/section>\n\t\t\t\t<section class=\"elementor-section elementor-top-section elementor-element elementor-element-fa54663 elementor-section-boxed elementor-section-height-default elementor-section-height-default\" data-id=\"fa54663\" data-element_type=\"section\">\n\t\t\t\t\t\t<div class=\"elementor-container elementor-column-gap-default\">\n\t\t\t\t\t<div class=\"elementor-column elementor-col-33 elementor-top-column elementor-element elementor-element-e297755\" data-id=\"e297755\" data-element_type=\"column\">\n\t\t\t<div class=\"elementor-widget-wrap elementor-element-populated\">\n\t\t\t\t\t\t<div class=\"elementor-element elementor-element-ba58f5e elementor-widget elementor-widget-tp-animated-service-boxes\" data-id=\"ba58f5e\" data-element_type=\"widget\" data-widget_type=\"tp-animated-service-boxes.default\">\n\t\t\t\t<div class=\"elementor-widget-container\">\n\t\t\t<div id=ani_ser_box69e8efe251061\" class=\"pt_plus_asb_wrapper services-element services-element-style-2   \"  ><div class=\"asb_wrap_list tp-row\"><div class=\"service-item-loop tp-col-lg-12  tp-col-md-12 tp-col-sm-12 tp-col-12   \"       ><div class=\"se-wrapper-main\">\n<div class=\"se-wrapper\">\n\t<div class=\"se-wrapper-inner\">\n\t\t<div class=\"se-icon\">\n\t\t\t<span class=\"asb-icon-image asb-icon \" ><i aria-hidden=\"true\" class=\"fas fa-cogs\"><\/i><\/span>\t\t<\/div>\n\t\t<div class=\"se-content\">\n\t\t\t<a class=\"asb-title-link\" href=\"https:\/\/reimagine-project.eu\/de\/web-app-plattform\/\"><h6 class=\"asb-title \">Web App Platform<\/h6><\/a><div class=\"asb-desc\"> <p>Unsere Web-App-Plattform f\u00fcr den Fernunterricht! Diese Plattform konzentriert sich auf die Unterst\u00fctzung von Fachleuten im Bereich der Erwachsenenbildung, indem sie ihnen wertvolle Werkzeuge, Ressourcen und Lehrmethoden zur Verf\u00fcgung stellt. Unser Ziel ist es, ein Netzwerk der Zusammenarbeit zwischen den Partnern zu schaffen und die Projektmaterialien und -ergebnisse f\u00fcr die Zielgruppen leicht zug\u00e4nglich zu machen. Sie finden eine Online-Schulungsumgebung mit relevanten Materialien f\u00fcr P\u00e4dagogen sowie eine Datenerhebungsplattform, um mithilfe von Frageb\u00f6gen Einblicke in den Fernunterricht zu gewinnen. Seien Sie versichert, dass die Web-App-Plattform nach Abschluss des Projekts noch 5 Jahre lang gepflegt wird und in allen Sprachen der Partner zur Verf\u00fcgung steht.<\/p>\n <\/div><div class=\"pt-plus-button-wrapper\"><div class=\"pt_plus_button btn69e8efe250f96 button-style-9 \"><div class=\"animted-content-inner\"><a href=\"https:\/\/reimagine-project.eu\/de\/web-app-plattform\/\" class=\"button-link-wrap\" role=\"button\">Siehe<span class=\"btn-arrow\"><i class=\"fa-show fa fa-chevron-right\" aria-hidden=\"true\"><\/i><i class=\"fa-hide fa fa-chevron-right\" aria-hidden=\"true\"><\/i><\/span><\/a><\/div><\/div><\/div>\t\t<\/div>\n\t<\/div>\n<\/div>\n<\/div>\n<\/div><\/div><\/div>\t\t<\/div>\n\t\t\t\t<\/div>\n\t\t\t\t<div class=\"elementor-element elementor-element-0ad9b8c elementor-widget elementor-widget-spacer\" data-id=\"0ad9b8c\" data-element_type=\"widget\" data-widget_type=\"spacer.default\">\n\t\t\t\t<div class=\"elementor-widget-container\">\n\t\t\t\t\t<div class=\"elementor-spacer\">\n\t\t\t<div class=\"elementor-spacer-inner\"><\/div>\n\t\t<\/div>\n\t\t\t\t<\/div>\n\t\t\t\t<\/div>\n\t\t\t\t\t<\/div>\n\t\t<\/div>\n\t\t\t\t<div class=\"elementor-column elementor-col-33 elementor-top-column elementor-element elementor-element-77cfaec\" data-id=\"77cfaec\" data-element_type=\"column\">\n\t\t\t<div class=\"elementor-widget-wrap elementor-element-populated\">\n\t\t\t\t\t\t<div class=\"elementor-element elementor-element-58f0205 elementor-widget elementor-widget-tp-animated-service-boxes\" data-id=\"58f0205\" data-element_type=\"widget\" data-widget_type=\"tp-animated-service-boxes.default\">\n\t\t\t\t<div class=\"elementor-widget-container\">\n\t\t\t<div id=ani_ser_box69e8efe251dad\" class=\"pt_plus_asb_wrapper services-element services-element-style-2   \"  ><div class=\"asb_wrap_list tp-row\"><div class=\"service-item-loop tp-col-lg-12  tp-col-md-12 tp-col-sm-12 tp-col-12   \"       ><div class=\"se-wrapper-main\">\n<div class=\"se-wrapper\">\n\t<div class=\"se-wrapper-inner\">\n\t\t<div class=\"se-icon\">\n\t\t\t<span class=\"asb-icon-image asb-icon \" ><i aria-hidden=\"true\" class=\"fas fa-tools\"><\/i><\/span>\t\t<\/div>\n\t\t<div class=\"se-content\">\n\t\t\t<a class=\"asb-title-link\" href=\"https:\/\/reimagine-project.eu\/de\/werkzeugkasten\/\"><h6 class=\"asb-title \">Werkzeugkasten.<\/h6><\/a><div class=\"asb-desc\"> <p>Es gibt zwar zahlreiche E-Learning-Tools und -Technologien, aber wir wissen, wie wichtig es ist, sie in verschiedenen Bildungsszenarien und Kontexten einzusetzen. Aus diesem Grund entwickeln wir im Rahmen unseres Projekts ein Toolkit.<\/p>\n<p>Dieses Toolkit wird den Nutzern konkrete Informationen, Werkzeuge und Methoden an die Hand geben, um auf der Grundlage der Methodik des Instruktionsdesigns effektiv Lehrpl\u00e4ne zu entwickeln. Es wird ein breites Spektrum an bew\u00e4hrten Praktiken aus dem Fernunterricht f\u00fcr Erwachsene in der EU enthalten, \u00fcber die Sie nachdenken k\u00f6nnen. Wir sind uns der kulturellen und sektoralen Vielfalt bewusst, daher wird der Inhalt des Toolkits entsprechend gegliedert sein.<\/p>\n <\/div><div class=\"pt-plus-button-wrapper\"><div class=\"pt_plus_button btn69e8efe251d2a button-style-9 \"><div class=\"animted-content-inner\"><a href=\"https:\/\/reimagine-project.eu\/de\/werkzeugkasten\/\" class=\"button-link-wrap\" role=\"button\">Siehe<span class=\"btn-arrow\"><i class=\"fa-show fa fa-chevron-right\" aria-hidden=\"true\"><\/i><i class=\"fa-hide fa fa-chevron-right\" aria-hidden=\"true\"><\/i><\/span><\/a><\/div><\/div><\/div>\t\t<\/div>\n\t<\/div>\n<\/div>\n<\/div>\n<\/div><\/div><\/div>\t\t<\/div>\n\t\t\t\t<\/div>\n\t\t\t\t<div class=\"elementor-element elementor-element-e214c59 elementor-widget elementor-widget-spacer\" data-id=\"e214c59\" data-element_type=\"widget\" data-widget_type=\"spacer.default\">\n\t\t\t\t<div class=\"elementor-widget-container\">\n\t\t\t\t\t<div class=\"elementor-spacer\">\n\t\t\t<div class=\"elementor-spacer-inner\"><\/div>\n\t\t<\/div>\n\t\t\t\t<\/div>\n\t\t\t\t<\/div>\n\t\t\t\t\t<\/div>\n\t\t<\/div>\n\t\t\t\t<div class=\"elementor-column elementor-col-33 elementor-top-column elementor-element elementor-element-5cb94c4\" data-id=\"5cb94c4\" data-element_type=\"column\">\n\t\t\t<div class=\"elementor-widget-wrap elementor-element-populated\">\n\t\t\t\t\t\t<div class=\"elementor-element elementor-element-d8a5df3 elementor-widget elementor-widget-tp-animated-service-boxes\" data-id=\"d8a5df3\" data-element_type=\"widget\" data-widget_type=\"tp-animated-service-boxes.default\">\n\t\t\t\t<div class=\"elementor-widget-container\">\n\t\t\t<div id=ani_ser_box69e8efe254d1a\" class=\"pt_plus_asb_wrapper services-element services-element-style-2   \"  ><div class=\"asb_wrap_list tp-row\"><div class=\"service-item-loop tp-col-lg-12  tp-col-md-12 tp-col-sm-12 tp-col-12   \"       ><div class=\"se-wrapper-main\">\n<div class=\"se-wrapper\">\n\t<div class=\"se-wrapper-inner\">\n\t\t<div class=\"se-icon\">\n\t\t\t<span class=\"asb-icon-image asb-icon \" ><i aria-hidden=\"true\" class=\"fas fa-laptop\"><\/i><\/span>\t\t<\/div>\n\t\t<div class=\"se-content\">\n\t\t\t<a class=\"asb-title-link\" href=\"https:\/\/reimagine-project.eu\/de\/courses\/online-training-course\/\"><h6 class=\"asb-title \">Online-Schulungskurs.<\/h6><\/a><div class=\"asb-desc\"> <p>Unser Online-Schulungskurs zielt darauf ab, Erwachsenenp\u00e4dagogen mit der Ethik und den Methoden des Instruction Design-Ansatzes vertraut zu machen, damit sie diesen in ihren Klassenr\u00e4umen anwenden k\u00f6nnen. Durch die Teilnahme an diesem Kurs erhalten Sie alle wesentlichen Informationen und Werkzeuge, die Sie ben\u00f6tigen, um kreative und integrative Lehrpl\u00e4ne f\u00fcr den Fernunterricht zu entwerfen. Der Kurs besteht aus Modulen mit einer Gesamtdauer von 30 Stunden und wird sowohl auf Englisch als auch in allen Partnersprachen angeboten.<\/p>\n <\/div><div class=\"pt-plus-button-wrapper\"><div class=\"pt_plus_button btn69e8efe254c54 button-style-9 \"><div class=\"animted-content-inner\"><a href=\"https:\/\/reimagine-project.eu\/de\/courses\/online-training-course\/\" class=\"button-link-wrap\" role=\"button\">Siehe<span class=\"btn-arrow\"><i class=\"fa-show fa fa-chevron-right\" aria-hidden=\"true\"><\/i><i class=\"fa-hide fa fa-chevron-right\" aria-hidden=\"true\"><\/i><\/span><\/a><\/div><\/div><\/div>\t\t<\/div>\n\t<\/div>\n<\/div>\n<\/div>\n<\/div><\/div><\/div>\t\t<\/div>\n\t\t\t\t<\/div>\n\t\t\t\t<div class=\"elementor-element elementor-element-16388d2 elementor-widget elementor-widget-spacer\" data-id=\"16388d2\" data-element_type=\"widget\" data-widget_type=\"spacer.default\">\n\t\t\t\t<div class=\"elementor-widget-container\">\n\t\t\t\t\t<div class=\"elementor-spacer\">\n\t\t\t<div class=\"elementor-spacer-inner\"><\/div>\n\t\t<\/div>\n\t\t\t\t<\/div>\n\t\t\t\t<\/div>\n\t\t\t\t\t<\/div>\n\t\t<\/div>\n\t\t\t\t\t<\/div>\n\t\t<\/section>\n\t\t\t\t<\/div>\n\t\t","protected":false},"excerpt":{"rendered":"<p>Ergebnisse des Projekts Das Projekt &#8222;Reimagine Distance Learning&#8220; konzentriert sich auf die Verbesserung der F\u00e4higkeiten von Erwachsenenp\u00e4dagogen bei der Anwendung konsistenter Ans\u00e4tze f\u00fcr den Fernunterricht, die von der Methodik des Instruktionsdesigns inspiriert sind, und leistet damit einen wichtigen Beitrag zur modernen \u00c4ra der Erwachsenenbildung. Web App Platform Unsere Web-App-Plattform f\u00fcr den Fernunterricht! Diese Plattform konzentriert [&hellip;]<\/p>\n","protected":false},"author":3,"featured_media":0,"parent":0,"menu_order":0,"comment_status":"closed","ping_status":"closed","template":"","meta":{"footnotes":""},"class_list":["post-1769","page","type-page","status-publish","hentry"],"_links":{"self":[{"href":"https:\/\/reimagine-project.eu\/de\/wp-json\/wp\/v2\/pages\/1769","targetHints":{"allow":["GET"]}}],"collection":[{"href":"https:\/\/reimagine-project.eu\/de\/wp-json\/wp\/v2\/pages"}],"about":[{"href":"https:\/\/reimagine-project.eu\/de\/wp-json\/wp\/v2\/types\/page"}],"author":[{"embeddable":true,"href":"https:\/\/reimagine-project.eu\/de\/wp-json\/wp\/v2\/users\/3"}],"replies":[{"embeddable":true,"href":"https:\/\/reimagine-project.eu\/de\/wp-json\/wp\/v2\/comments?post=1769"}],"version-history":[{"count":7,"href":"https:\/\/reimagine-project.eu\/de\/wp-json\/wp\/v2\/pages\/1769\/revisions"}],"predecessor-version":[{"id":4392,"href":"https:\/\/reimagine-project.eu\/de\/wp-json\/wp\/v2\/pages\/1769\/revisions\/4392"}],"wp:attachment":[{"href":"https:\/\/reimagine-project.eu\/de\/wp-json\/wp\/v2\/media?parent=1769"}],"curies":[{"name":"wp","href":"https:\/\/api.w.org\/{rel}","templated":true}]}}