{"id":1831,"date":"2022-10-14T11:13:36","date_gmt":"2022-10-14T09:13:36","guid":{"rendered":"https:\/\/reimagine-project.eu\/bedingungen-und-konditionen\/"},"modified":"2024-06-17T10:49:03","modified_gmt":"2024-06-17T08:49:03","slug":"bedingungen-und-konditionen","status":"publish","type":"page","link":"https:\/\/reimagine-project.eu\/de\/bedingungen-und-konditionen\/","title":{"rendered":"Bedingungen und Konditionen"},"content":{"rendered":"\t\t<div data-elementor-type=\"wp-page\" data-elementor-id=\"1831\" class=\"elementor elementor-1831 elementor-118\" data-elementor-post-type=\"page\">\n\t\t\t\t\t\t<section class=\"elementor-section elementor-top-section elementor-element elementor-element-7a5b66f elementor-section-boxed elementor-section-height-default elementor-section-height-default\" data-id=\"7a5b66f\" data-element_type=\"section\">\n\t\t\t\t\t\t<div class=\"elementor-container elementor-column-gap-default\">\n\t\t\t\t\t<div class=\"elementor-column elementor-col-100 elementor-top-column elementor-element elementor-element-fa8a9e8\" data-id=\"fa8a9e8\" data-element_type=\"column\">\n\t\t\t<div class=\"elementor-widget-wrap elementor-element-populated\">\n\t\t\t\t\t\t<div class=\"elementor-element elementor-element-c53c8cc elementor-widget elementor-widget-spacer\" data-id=\"c53c8cc\" data-element_type=\"widget\" data-widget_type=\"spacer.default\">\n\t\t\t\t<div class=\"elementor-widget-container\">\n\t\t\t<style>\/*! elementor - v3.22.0 - 24-06-2024 *\/\n.elementor-column .elementor-spacer-inner{height:var(--spacer-size)}.e-con{--container-widget-width:100%}.e-con-inner>.elementor-widget-spacer,.e-con>.elementor-widget-spacer{width:var(--container-widget-width,var(--spacer-size));--align-self:var(--container-widget-align-self,initial);--flex-shrink:0}.e-con-inner>.elementor-widget-spacer>.elementor-widget-container,.e-con>.elementor-widget-spacer>.elementor-widget-container{height:100%;width:100%}.e-con-inner>.elementor-widget-spacer>.elementor-widget-container>.elementor-spacer,.e-con>.elementor-widget-spacer>.elementor-widget-container>.elementor-spacer{height:100%}.e-con-inner>.elementor-widget-spacer>.elementor-widget-container>.elementor-spacer>.elementor-spacer-inner,.e-con>.elementor-widget-spacer>.elementor-widget-container>.elementor-spacer>.elementor-spacer-inner{height:var(--container-widget-height,var(--spacer-size))}.e-con-inner>.elementor-widget-spacer.elementor-widget-empty,.e-con>.elementor-widget-spacer.elementor-widget-empty{position:relative;min-height:22px;min-width:22px}.e-con-inner>.elementor-widget-spacer.elementor-widget-empty .elementor-widget-empty-icon,.e-con>.elementor-widget-spacer.elementor-widget-empty .elementor-widget-empty-icon{position:absolute;top:0;bottom:0;left:0;right:0;margin:auto;padding:0;width:22px;height:22px}<\/style>\t\t<div class=\"elementor-spacer\">\n\t\t\t<div class=\"elementor-spacer-inner\"><\/div>\n\t\t<\/div>\n\t\t\t\t<\/div>\n\t\t\t\t<\/div>\n\t\t\t\t<div class=\"elementor-element elementor-element-4423d11 elementor-widget elementor-widget-text-editor\" data-id=\"4423d11\" data-element_type=\"widget\" data-widget_type=\"text-editor.default\">\n\t\t\t\t<div class=\"elementor-widget-container\">\n\t\t\t<style>\/*! elementor - v3.22.0 - 24-06-2024 *\/\n.elementor-widget-text-editor.elementor-drop-cap-view-stacked .elementor-drop-cap{background-color:#69727d;color:#fff}.elementor-widget-text-editor.elementor-drop-cap-view-framed .elementor-drop-cap{color:#69727d;border:3px solid;background-color:transparent}.elementor-widget-text-editor:not(.elementor-drop-cap-view-default) .elementor-drop-cap{margin-top:8px}.elementor-widget-text-editor:not(.elementor-drop-cap-view-default) .elementor-drop-cap-letter{width:1em;height:1em}.elementor-widget-text-editor .elementor-drop-cap{float:left;text-align:center;line-height:1;font-size:50px}.elementor-widget-text-editor .elementor-drop-cap-letter{display:inline-block}<\/style>\t\t\t\t<h3>BEDINGUNGEN UND KONDITIONEN DIESER WEBSITE<\/h3>\n<p>Bitte lesen Sie diese Bedingungen sorgf\u00e4ltig durch, bevor Sie unsere Website <a href=\"https:\/\/reimagine-project.eu\/de\/\">reimagine-project.eu<\/a> nutzen. <\/p>\n<p>Alle auf dieser Website enthaltenen personenbezogenen Daten werden im Rahmen der Durchf\u00fchrung des Programms Erasmus + (2021-2027) in \u00dcbereinstimmung mit den Vorschriften der Europ\u00e4ischen Kommission erhoben. Die Daten werden von den beg\u00fcnstigten Organisationen des Programms gem\u00e4\u00df der Verordnung (EU) 2016\/679 des Europ\u00e4ischen Parlaments und des Rates vom 27. April 2016 zum Schutz nat\u00fcrlicher Personen bei der Verarbeitung personenbezogener Daten, zum freien Datenverkehr und zur Aufhebung der Richtlinie 95\/46\/EG (Allgemeine Datenschutzverordnung &#8211; DSGVO) gespeichert und verarbeitet.<\/p>\n<h3>Bedingungen f\u00fcr die Nutzung<\/h3>\n<p>Wir stellen Ihnen Dienstleistungen zur Verf\u00fcgung, die den unten in diesem Dokument genannten Bedingungen unterliegen. Jedes Mal, wenn Sie diese Website besuchen, akzeptieren Sie die folgenden Bedingungen. Deshalb bitten wir Sie dringend, sie sorgf\u00e4ltig zu lesen.<\/p>\n<h3>Datenschutzbestimmungen<\/h3>\n<p>Bevor Sie mit der Nutzung unserer Website fortfahren, empfehlen wir Ihnen, unsere Datenschutzerkl\u00e4rung zur Erfassung von Benutzerdaten zu lesen. Es wird Ihnen helfen, unsere Praktiken besser zu verstehen.<\/p>\n<h3>Copyright<\/h3>\n<p>Die auf dieser Website ver\u00f6ffentlichten Inhalte (digitale Downloads, Bilder, Texte, Grafiken, Logos) sind Eigentum von <strong>reimagine distance learning<\/strong> und\/oder den Urhebern der Inhalte und durch internationale Urheberrechtsgesetze gesch\u00fctzt. Die gesamte Zusammenstellung des Inhalts dieser Website ist das ausschlie\u00dfliche Eigentum von <strong>reimagine distance learning<\/strong>, wobei die Urheberschaft f\u00fcr diese Zusammenstellung bei <strong>reimagine distance learning<\/strong> liegt.<\/p>\n<h3>Kommunikation<\/h3>\n<p>Die gesamte Kommunikation mit uns erfolgt elektronisch. Jedes Mal, wenn Sie uns eine E-Mail schicken oder unsere Website besuchen, kommunizieren Sie mit uns. Sie erkl\u00e4ren sich hiermit einverstanden, Mitteilungen von uns zu erhalten. Wenn Sie die Nachrichten auf unserer Website abonnieren, werden Sie regelm\u00e4\u00dfig E-Mails von uns erhalten. Wir werden weiterhin mit Ihnen kommunizieren, indem wir Neuigkeiten und Mitteilungen auf unserer Website ver\u00f6ffentlichen und Ihnen E-Mails schicken. Sie erkl\u00e4ren sich au\u00dferdem damit einverstanden, dass alle Mitteilungen, Offenlegungen, Vereinbarungen und andere Kommunikationen, die wir Ihnen elektronisch zur Verf\u00fcgung stellen, den gesetzlichen Anforderungen an die Schriftform entsprechen.<\/p>\n<h3>Anwendbares Recht<\/h3>\n<p>Mit dem Besuch dieser Website erkl\u00e4ren Sie sich damit einverstanden, dass die Gesetze der griechischen Regierung, ohne R\u00fccksicht auf die Grunds\u00e4tze des Kollisionsrechts, diese Bedingungen und Konditionen oder jegliche Streitigkeiten jeglicher Art zwischen <strong>reimagine distance learning<\/strong> und Ihnen oder seinen Gesch\u00e4ftspartnern und Mitarbeitern regeln.<\/p>\n<h3>Rechtsstreitigkeiten<\/h3>\n<p>Alle Streitigkeiten, die in irgendeiner Weise mit Ihrem Besuch auf dieser Website zusammenh\u00e4ngen, werden von einem griechischen Staats- oder Bundesgericht geschlichtet, und Sie erkl\u00e4ren sich mit der ausschlie\u00dflichen Zust\u00e4ndigkeit und dem Gerichtsstand dieser Gerichte einverstanden.<br \/>Kommentare, Bewertungen und E-Mails<br \/>Besucher k\u00f6nnen Inhalte einstellen, solange diese nicht obsz\u00f6n, illegal, verleumderisch, bedrohlich, die Rechte an geistigem Eigentum verletzend, in die Privatsph\u00e4re eingreifend oder in anderer Weise f\u00fcr Dritte verletzend sind. Der Inhalt muss frei von Software-Viren, politischen Kampagnen und kommerzieller Aufforderung sein.<br \/>Wir behalten uns alle Rechte (aber nicht die Verpflichtung) vor, solche Inhalte zu entfernen und\/oder zu bearbeiten. Wenn Sie Ihre Inhalte einstellen, gew\u00e4hren Sie <strong>reimagine distance learning<\/strong> das nicht-exklusive, lizenzfreie und unwiderrufliche Recht, diese Inhalte weltweit in allen Medien zu verwenden, zu reproduzieren, zu ver\u00f6ffentlichen und zu ver\u00e4ndern.<\/p>\n<h3>Lizenz und Website-Zugang<\/h3>\n<p>Wir gew\u00e4hren Ihnen eine eingeschr\u00e4nkte Lizenz f\u00fcr den Zugang und die pers\u00f6nliche Nutzung dieser Website. Sie sind nicht berechtigt, sie herunterzuladen oder zu ver\u00e4ndern. Dies darf nur mit unserer schriftlichen Zustimmung geschehen.<\/p>\n<h3>Benutzerkonto<\/h3>\n<p>Wenn Sie Inhaber eines Kontos auf dieser Website sind, sind Sie allein f\u00fcr die Wahrung der Vertraulichkeit Ihrer privaten Benutzerdaten (Benutzername und Passwort) verantwortlich. Sie sind f\u00fcr alle Aktivit\u00e4ten verantwortlich, die unter Ihrem Konto oder Passwort stattfinden.<br \/>Wir behalten uns das Recht vor, Konten zu k\u00fcndigen, Inhalte zu bearbeiten oder zu entfernen und Bestellungen nach eigenem Ermessen zu stornieren.<\/p>\n\t\t\t\t\t\t<\/div>\n\t\t\t\t<\/div>\n\t\t\t\t\t<\/div>\n\t\t<\/div>\n\t\t\t\t\t<\/div>\n\t\t<\/section>\n\t\t\t\t<\/div>\n\t\t","protected":false},"excerpt":{"rendered":"<p>BEDINGUNGEN UND KONDITIONEN DIESER WEBSITE Bitte lesen Sie diese Bedingungen sorgf\u00e4ltig durch, bevor Sie unsere Website reimagine-project.eu nutzen. Alle auf dieser Website enthaltenen personenbezogenen Daten werden im Rahmen der Durchf\u00fchrung des Programms Erasmus + (2021-2027) in \u00dcbereinstimmung mit den Vorschriften der Europ\u00e4ischen Kommission erhoben. Die Daten werden von den beg\u00fcnstigten Organisationen des Programms gem\u00e4\u00df der [&hellip;]<\/p>\n","protected":false},"author":3,"featured_media":0,"parent":0,"menu_order":0,"comment_status":"closed","ping_status":"closed","template":"","meta":{"footnotes":""},"class_list":["post-1831","page","type-page","status-publish","hentry"],"_links":{"self":[{"href":"https:\/\/reimagine-project.eu\/de\/wp-json\/wp\/v2\/pages\/1831","targetHints":{"allow":["GET"]}}],"collection":[{"href":"https:\/\/reimagine-project.eu\/de\/wp-json\/wp\/v2\/pages"}],"about":[{"href":"https:\/\/reimagine-project.eu\/de\/wp-json\/wp\/v2\/types\/page"}],"author":[{"embeddable":true,"href":"https:\/\/reimagine-project.eu\/de\/wp-json\/wp\/v2\/users\/3"}],"replies":[{"embeddable":true,"href":"https:\/\/reimagine-project.eu\/de\/wp-json\/wp\/v2\/comments?post=1831"}],"version-history":[{"count":4,"href":"https:\/\/reimagine-project.eu\/de\/wp-json\/wp\/v2\/pages\/1831\/revisions"}],"predecessor-version":[{"id":3082,"href":"https:\/\/reimagine-project.eu\/de\/wp-json\/wp\/v2\/pages\/1831\/revisions\/3082"}],"wp:attachment":[{"href":"https:\/\/reimagine-project.eu\/de\/wp-json\/wp\/v2\/media?parent=1831"}],"curies":[{"name":"wp","href":"https:\/\/api.w.org\/{rel}","templated":true}]}}