{"id":2644,"date":"2022-10-12T13:49:51","date_gmt":"2022-10-12T11:49:51","guid":{"rendered":"https:\/\/reimagine-project.eu\/rezultatele-proiectului\/"},"modified":"2024-06-26T15:00:17","modified_gmt":"2024-06-26T13:00:17","slug":"rezultatele-proiectului","status":"publish","type":"page","link":"https:\/\/reimagine-project.eu\/ro\/rezultatele-proiectului\/","title":{"rendered":"rezultatele proiectului"},"content":{"rendered":"\t\t<div data-elementor-type=\"wp-page\" data-elementor-id=\"2644\" class=\"elementor elementor-2644 elementor-19\" data-elementor-post-type=\"page\">\n\t\t\t\t\t\t<section class=\"elementor-section elementor-top-section elementor-element elementor-element-08c3fd3 elementor-section-boxed elementor-section-height-default elementor-section-height-default\" data-id=\"08c3fd3\" data-element_type=\"section\" data-settings=\"{&quot;background_background&quot;:&quot;classic&quot;}\">\n\t\t\t\t\t\t\t<div class=\"elementor-background-overlay\"><\/div>\n\t\t\t\t\t\t\t<div class=\"elementor-container elementor-column-gap-default\">\n\t\t\t\t\t<div class=\"elementor-column elementor-col-100 elementor-top-column elementor-element elementor-element-22d9f5a\" data-id=\"22d9f5a\" data-element_type=\"column\">\n\t\t\t<div class=\"elementor-widget-wrap elementor-element-populated\">\n\t\t\t\t\t\t<div class=\"elementor-element elementor-element-00c4565 elementor-widget elementor-widget-spacer\" data-id=\"00c4565\" data-element_type=\"widget\" data-widget_type=\"spacer.default\">\n\t\t\t\t<div class=\"elementor-widget-container\">\n\t\t\t<style>\/*! elementor - v3.22.0 - 24-06-2024 *\/\n.elementor-column .elementor-spacer-inner{height:var(--spacer-size)}.e-con{--container-widget-width:100%}.e-con-inner>.elementor-widget-spacer,.e-con>.elementor-widget-spacer{width:var(--container-widget-width,var(--spacer-size));--align-self:var(--container-widget-align-self,initial);--flex-shrink:0}.e-con-inner>.elementor-widget-spacer>.elementor-widget-container,.e-con>.elementor-widget-spacer>.elementor-widget-container{height:100%;width:100%}.e-con-inner>.elementor-widget-spacer>.elementor-widget-container>.elementor-spacer,.e-con>.elementor-widget-spacer>.elementor-widget-container>.elementor-spacer{height:100%}.e-con-inner>.elementor-widget-spacer>.elementor-widget-container>.elementor-spacer>.elementor-spacer-inner,.e-con>.elementor-widget-spacer>.elementor-widget-container>.elementor-spacer>.elementor-spacer-inner{height:var(--container-widget-height,var(--spacer-size))}.e-con-inner>.elementor-widget-spacer.elementor-widget-empty,.e-con>.elementor-widget-spacer.elementor-widget-empty{position:relative;min-height:22px;min-width:22px}.e-con-inner>.elementor-widget-spacer.elementor-widget-empty .elementor-widget-empty-icon,.e-con>.elementor-widget-spacer.elementor-widget-empty .elementor-widget-empty-icon{position:absolute;top:0;bottom:0;left:0;right:0;margin:auto;padding:0;width:22px;height:22px}<\/style>\t\t<div class=\"elementor-spacer\">\n\t\t\t<div class=\"elementor-spacer-inner\"><\/div>\n\t\t<\/div>\n\t\t\t\t<\/div>\n\t\t\t\t<\/div>\n\t\t\t\t\t<\/div>\n\t\t<\/div>\n\t\t\t\t\t<\/div>\n\t\t<\/section>\n\t\t\t\t<section class=\"elementor-section elementor-top-section elementor-element elementor-element-ac0d9f0 elementor-section-boxed elementor-section-height-default elementor-section-height-default\" data-id=\"ac0d9f0\" data-element_type=\"section\">\n\t\t\t\t\t\t<div class=\"elementor-container elementor-column-gap-default\">\n\t\t\t\t\t<div class=\"elementor-column elementor-col-100 elementor-top-column elementor-element elementor-element-b0cf7fd\" data-id=\"b0cf7fd\" data-element_type=\"column\">\n\t\t\t<div class=\"elementor-widget-wrap elementor-element-populated\">\n\t\t\t\t\t\t<div class=\"elementor-element elementor-element-44ab75f elementor-widget elementor-widget-spacer\" data-id=\"44ab75f\" data-element_type=\"widget\" data-widget_type=\"spacer.default\">\n\t\t\t\t<div class=\"elementor-widget-container\">\n\t\t\t\t\t<div class=\"elementor-spacer\">\n\t\t\t<div class=\"elementor-spacer-inner\"><\/div>\n\t\t<\/div>\n\t\t\t\t<\/div>\n\t\t\t\t<\/div>\n\t\t\t\t<div class=\"elementor-element elementor-element-c107b8c elementor-widget elementor-widget-heading\" data-id=\"c107b8c\" data-element_type=\"widget\" data-widget_type=\"heading.default\">\n\t\t\t\t<div class=\"elementor-widget-container\">\n\t\t\t<style>\/*! elementor - v3.22.0 - 24-06-2024 *\/\n.elementor-heading-title{padding:0;margin:0;line-height:1}.elementor-widget-heading .elementor-heading-title[class*=elementor-size-]>a{color:inherit;font-size:inherit;line-height:inherit}.elementor-widget-heading .elementor-heading-title.elementor-size-small{font-size:15px}.elementor-widget-heading .elementor-heading-title.elementor-size-medium{font-size:19px}.elementor-widget-heading .elementor-heading-title.elementor-size-large{font-size:29px}.elementor-widget-heading .elementor-heading-title.elementor-size-xl{font-size:39px}.elementor-widget-heading .elementor-heading-title.elementor-size-xxl{font-size:59px}<\/style><h2 class=\"elementor-heading-title elementor-size-default\">Rezultatele proiectului<\/h2>\t\t<\/div>\n\t\t\t\t<\/div>\n\t\t\t\t<div class=\"elementor-element elementor-element-7abd150 elementor-widget elementor-widget-text-editor\" data-id=\"7abd150\" data-element_type=\"widget\" data-widget_type=\"text-editor.default\">\n\t\t\t\t<div class=\"elementor-widget-container\">\n\t\t\t<style>\/*! elementor - v3.22.0 - 24-06-2024 *\/\n.elementor-widget-text-editor.elementor-drop-cap-view-stacked .elementor-drop-cap{background-color:#69727d;color:#fff}.elementor-widget-text-editor.elementor-drop-cap-view-framed .elementor-drop-cap{color:#69727d;border:3px solid;background-color:transparent}.elementor-widget-text-editor:not(.elementor-drop-cap-view-default) .elementor-drop-cap{margin-top:8px}.elementor-widget-text-editor:not(.elementor-drop-cap-view-default) .elementor-drop-cap-letter{width:1em;height:1em}.elementor-widget-text-editor .elementor-drop-cap{float:left;text-align:center;line-height:1;font-size:50px}.elementor-widget-text-editor .elementor-drop-cap-letter{display:inline-block}<\/style>\t\t\t\t<p>Prin concentrarea pe \u00eembun\u0103t\u0103\u021birea competen\u021belor educatorilor de adul\u021bi \u00een aplicarea unor abord\u0103ri coerente ale \u00eenv\u0103\u021b\u0103rii la distan\u021b\u0103, inspirate de metodologia designului instruc\u021bional, &#8222;Reimagine Distance Learning&#8221; are un impact semnificativ asupra erei moderne a educa\u021biei adul\u021bilor.<\/p>\t\t\t\t\t\t<\/div>\n\t\t\t\t<\/div>\n\t\t\t\t<div class=\"elementor-element elementor-element-fa240fd elementor-widget elementor-widget-spacer\" data-id=\"fa240fd\" data-element_type=\"widget\" data-widget_type=\"spacer.default\">\n\t\t\t\t<div class=\"elementor-widget-container\">\n\t\t\t\t\t<div class=\"elementor-spacer\">\n\t\t\t<div class=\"elementor-spacer-inner\"><\/div>\n\t\t<\/div>\n\t\t\t\t<\/div>\n\t\t\t\t<\/div>\n\t\t\t\t\t<\/div>\n\t\t<\/div>\n\t\t\t\t\t<\/div>\n\t\t<\/section>\n\t\t\t\t<section class=\"elementor-section elementor-top-section elementor-element elementor-element-fa54663 elementor-section-boxed elementor-section-height-default elementor-section-height-default\" data-id=\"fa54663\" data-element_type=\"section\">\n\t\t\t\t\t\t<div class=\"elementor-container elementor-column-gap-default\">\n\t\t\t\t\t<div class=\"elementor-column elementor-col-33 elementor-top-column elementor-element elementor-element-e297755\" data-id=\"e297755\" data-element_type=\"column\">\n\t\t\t<div class=\"elementor-widget-wrap elementor-element-populated\">\n\t\t\t\t\t\t<div class=\"elementor-element elementor-element-ba58f5e elementor-widget elementor-widget-tp-animated-service-boxes\" data-id=\"ba58f5e\" data-element_type=\"widget\" data-widget_type=\"tp-animated-service-boxes.default\">\n\t\t\t\t<div class=\"elementor-widget-container\">\n\t\t\t<div id=ani_ser_box69d638cc4e7d5\" class=\"pt_plus_asb_wrapper services-element services-element-style-2   \"  ><div class=\"asb_wrap_list tp-row\"><div class=\"service-item-loop tp-col-lg-12  tp-col-md-12 tp-col-sm-12 tp-col-12   \"       ><div class=\"se-wrapper-main\">\n<div class=\"se-wrapper\">\n\t<div class=\"se-wrapper-inner\">\n\t\t<div class=\"se-icon\">\n\t\t\t<span class=\"asb-icon-image asb-icon \" ><i aria-hidden=\"true\" class=\"fas fa-cogs\"><\/i><\/span>\t\t<\/div>\n\t\t<div class=\"se-content\">\n\t\t\t<a class=\"asb-title-link\" href=\"https:\/\/reimagine-project.eu\/ro\/platforma-de-aplicatii-web\/\"><h6 class=\"asb-title \">Platform\u0103 de aplica\u021bii web<\/h6><\/a><div class=\"asb-desc\"> <p>Platforma noastr\u0103 de aplica\u021bii web dedicat\u0103 \u00eenv\u0103\u021b\u0103rii la distan\u021b\u0103! Aceast\u0103 platform\u0103 se concentreaz\u0103 pe sprijinirea profesioni\u0219tilor din domeniul educa\u021biei adul\u021bilor, oferindu-le instrumente valoroase, resurse \u0219i metodologii de instruire. Scopul nostru este de a crea o re\u021bea de colaborare \u00eentre parteneri \u0219i de a face materialele \u0219i rezultatele proiectului u\u0219or accesibile grupurilor \u021bint\u0103. Ve\u021bi g\u0103si un mediu de formare online cu materiale relevante pentru educatori, precum \u0219i o platform\u0103 de colectare a datelor pentru a ob\u021bine informa\u021bii despre \u00eenv\u0103\u021barea la distan\u021b\u0103 prin intermediul chestionarelor. Fi\u021bi siguri c\u0103 platforma de aplica\u021bii web va fi \u00eentre\u021binut\u0103 timp de 5 ani dup\u0103 finalizarea proiectului \u0219i va fi disponibil\u0103 \u00een toate limbile partenerilor.<\/p> <\/div><div class=\"pt-plus-button-wrapper\"><div class=\"pt_plus_button btn69d638cc4e727 button-style-9 \"><div class=\"animted-content-inner\"><a href=\"https:\/\/reimagine-project.eu\/ro\/platforma-de-aplicatii-web\/\" class=\"button-link-wrap\" role=\"button\">Vezi<span class=\"btn-arrow\"><i class=\"fa-show fa fa-chevron-right\" aria-hidden=\"true\"><\/i><i class=\"fa-hide fa fa-chevron-right\" aria-hidden=\"true\"><\/i><\/span><\/a><\/div><\/div><\/div>\t\t<\/div>\n\t<\/div>\n<\/div>\n<\/div>\n<\/div><\/div><\/div>\t\t<\/div>\n\t\t\t\t<\/div>\n\t\t\t\t<div class=\"elementor-element elementor-element-0ad9b8c elementor-widget elementor-widget-spacer\" data-id=\"0ad9b8c\" data-element_type=\"widget\" data-widget_type=\"spacer.default\">\n\t\t\t\t<div class=\"elementor-widget-container\">\n\t\t\t\t\t<div class=\"elementor-spacer\">\n\t\t\t<div class=\"elementor-spacer-inner\"><\/div>\n\t\t<\/div>\n\t\t\t\t<\/div>\n\t\t\t\t<\/div>\n\t\t\t\t\t<\/div>\n\t\t<\/div>\n\t\t\t\t<div class=\"elementor-column elementor-col-33 elementor-top-column elementor-element elementor-element-38ed044\" data-id=\"38ed044\" data-element_type=\"column\">\n\t\t\t<div class=\"elementor-widget-wrap elementor-element-populated\">\n\t\t\t\t\t\t<div class=\"elementor-element elementor-element-c7f6463 elementor-widget elementor-widget-tp-animated-service-boxes\" data-id=\"c7f6463\" data-element_type=\"widget\" data-widget_type=\"tp-animated-service-boxes.default\">\n\t\t\t\t<div class=\"elementor-widget-container\">\n\t\t\t<div id=ani_ser_box69d638cc4f4c8\" class=\"pt_plus_asb_wrapper services-element services-element-style-2   \"  ><div class=\"asb_wrap_list tp-row\"><div class=\"service-item-loop tp-col-lg-12  tp-col-md-12 tp-col-sm-12 tp-col-12   \"       ><div class=\"se-wrapper-main\">\n<div class=\"se-wrapper\">\n\t<div class=\"se-wrapper-inner\">\n\t\t<div class=\"se-icon\">\n\t\t\t<span class=\"asb-icon-image asb-icon \" ><i aria-hidden=\"true\" class=\"fas fa-tools\"><\/i><\/span>\t\t<\/div>\n\t\t<div class=\"se-content\">\n\t\t\t<a class=\"asb-title-link\" href=\"https:\/\/reimagine-project.eu\/ro\/set-de-instrumente\/\"><h6 class=\"asb-title \">Set de instrumente<\/h6><\/a><div class=\"asb-desc\"> <p>De\u0219i exist\u0103 numeroase instrumente \u0219i tehnologii de e-learning disponibile, \u00een\u021belegem importan\u021ba implement\u0103rii acestora \u00een diverse scenarii \u0219i contexte educa\u021bionale. Acesta este motivul pentru care dezvolt\u0103m un set de instrumente ca parte a proiectului nostru.<\/p><p>Acest set de instrumente va oferi utilizatorilor informa\u021bii concrete, instrumente \u0219i metodologii pentru a dezvolta \u00een mod eficient programe de formare bazate pe metodologia de proiectare instruc\u021bional\u0103. Acesta va include o gam\u0103 larg\u0103 de bune practici din domeniul \u00eenv\u0103\u021b\u0103rii la distan\u021b\u0103 pentru adul\u021bi din \u00eentreaga UE, la care s\u0103 reflecta\u021bi. Suntem con\u0219tien\u021bi de diversitatea cultural\u0103 \u0219i sectorial\u0103, astfel \u00eenc\u00e2t con\u021binutul Toolkit-ului va fi organizat \u00een consecin\u021b\u0103.<\/p> <\/div><div class=\"pt-plus-button-wrapper\"><div class=\"pt_plus_button btn69d638cc4f453 button-style-9 \"><div class=\"animted-content-inner\"><a href=\"https:\/\/reimagine-project.eu\/ro\/set-de-instrumente\/\" class=\"button-link-wrap\" role=\"button\">Vezi<span class=\"btn-arrow\"><i class=\"fa-show fa fa-chevron-right\" aria-hidden=\"true\"><\/i><i class=\"fa-hide fa fa-chevron-right\" aria-hidden=\"true\"><\/i><\/span><\/a><\/div><\/div><\/div>\t\t<\/div>\n\t<\/div>\n<\/div>\n<\/div>\n<\/div><\/div><\/div>\t\t<\/div>\n\t\t\t\t<\/div>\n\t\t\t\t<div class=\"elementor-element elementor-element-7d567d0 elementor-widget elementor-widget-spacer\" data-id=\"7d567d0\" data-element_type=\"widget\" data-widget_type=\"spacer.default\">\n\t\t\t\t<div class=\"elementor-widget-container\">\n\t\t\t\t\t<div class=\"elementor-spacer\">\n\t\t\t<div class=\"elementor-spacer-inner\"><\/div>\n\t\t<\/div>\n\t\t\t\t<\/div>\n\t\t\t\t<\/div>\n\t\t\t\t\t<\/div>\n\t\t<\/div>\n\t\t\t\t<div class=\"elementor-column elementor-col-33 elementor-top-column elementor-element elementor-element-91e5acb\" data-id=\"91e5acb\" data-element_type=\"column\">\n\t\t\t<div class=\"elementor-widget-wrap elementor-element-populated\">\n\t\t\t\t\t\t<div class=\"elementor-element elementor-element-266cdff elementor-widget elementor-widget-tp-animated-service-boxes\" data-id=\"266cdff\" data-element_type=\"widget\" data-widget_type=\"tp-animated-service-boxes.default\">\n\t\t\t\t<div class=\"elementor-widget-container\">\n\t\t\t<div id=ani_ser_box69d638cc50173\" class=\"pt_plus_asb_wrapper services-element services-element-style-2   \"  ><div class=\"asb_wrap_list tp-row\"><div class=\"service-item-loop tp-col-lg-12  tp-col-md-12 tp-col-sm-12 tp-col-12   \"       ><div class=\"se-wrapper-main\">\n<div class=\"se-wrapper\">\n\t<div class=\"se-wrapper-inner\">\n\t\t<div class=\"se-icon\">\n\t\t\t<span class=\"asb-icon-image asb-icon \" ><i aria-hidden=\"true\" class=\"fas fa-laptop\"><\/i><\/span>\t\t<\/div>\n\t\t<div class=\"se-content\">\n\t\t\t<a class=\"asb-title-link\" href=\"https:\/\/reimagine-project.eu\/ro\/courses\/online-training-course\/\"><h6 class=\"asb-title \">Curs de formare online<\/h6><\/a><div class=\"asb-desc\"> <p>Cursul nostru de formare online \u00ee\u0219i propune s\u0103 conecteze educatorii adul\u021bi cu etica \u0219i metodele abord\u0103rii Designului de instruire, astfel \u00eenc\u00e2t s\u0103 o poat\u0103 aplica \u00een clasele lor. Particip\u00e2nd la acest curs, ve\u021bi ob\u021bine toate informa\u021biile esen\u021biale \u0219i instrumentele necesare pentru a proiecta programe de \u00eenv\u0103\u021b\u0103m\u00e2nt creative \u0219i incluzive pentru \u00cenv\u0103\u021b\u0103m\u00e2ntul la Distan\u021b\u0103. Cursul este format din module cu o durat\u0103 total\u0103 de 30 de ore \u0219i va fi disponibil at\u00e2t \u00een limba englez\u0103, c\u00e2t \u0219i \u00een limbile tuturor partenerilor.<\/p> <\/div><div class=\"pt-plus-button-wrapper\"><div class=\"pt_plus_button btn69d638cc500fe button-style-9 \"><div class=\"animted-content-inner\"><a href=\"https:\/\/reimagine-project.eu\/ro\/courses\/online-training-course\/\" class=\"button-link-wrap\" role=\"button\">Vezi<span class=\"btn-arrow\"><i class=\"fa-show fa fa-chevron-right\" aria-hidden=\"true\"><\/i><i class=\"fa-hide fa fa-chevron-right\" aria-hidden=\"true\"><\/i><\/span><\/a><\/div><\/div><\/div>\t\t<\/div>\n\t<\/div>\n<\/div>\n<\/div>\n<\/div><\/div><\/div>\t\t<\/div>\n\t\t\t\t<\/div>\n\t\t\t\t<div class=\"elementor-element elementor-element-fa575e9 elementor-widget elementor-widget-spacer\" data-id=\"fa575e9\" data-element_type=\"widget\" data-widget_type=\"spacer.default\">\n\t\t\t\t<div class=\"elementor-widget-container\">\n\t\t\t\t\t<div class=\"elementor-spacer\">\n\t\t\t<div class=\"elementor-spacer-inner\"><\/div>\n\t\t<\/div>\n\t\t\t\t<\/div>\n\t\t\t\t<\/div>\n\t\t\t\t\t<\/div>\n\t\t<\/div>\n\t\t\t\t\t<\/div>\n\t\t<\/section>\n\t\t\t\t<\/div>\n\t\t","protected":false},"excerpt":{"rendered":"<p>Rezultatele proiectului Prin concentrarea pe \u00eembun\u0103t\u0103\u021birea competen\u021belor educatorilor de adul\u021bi \u00een aplicarea unor abord\u0103ri coerente ale \u00eenv\u0103\u021b\u0103rii la distan\u021b\u0103, inspirate de metodologia designului instruc\u021bional, &#8222;Reimagine Distance Learning&#8221; are un impact semnificativ asupra erei moderne a educa\u021biei adul\u021bilor. Platform\u0103 de aplica\u021bii web Platforma noastr\u0103 de aplica\u021bii web dedicat\u0103 \u00eenv\u0103\u021b\u0103rii la distan\u021b\u0103! Aceast\u0103 platform\u0103 se concentreaz\u0103 pe [&hellip;]<\/p>\n","protected":false},"author":3,"featured_media":0,"parent":0,"menu_order":0,"comment_status":"closed","ping_status":"closed","template":"","meta":{"footnotes":""},"class_list":["post-2644","page","type-page","status-publish","hentry"],"_links":{"self":[{"href":"https:\/\/reimagine-project.eu\/ro\/wp-json\/wp\/v2\/pages\/2644","targetHints":{"allow":["GET"]}}],"collection":[{"href":"https:\/\/reimagine-project.eu\/ro\/wp-json\/wp\/v2\/pages"}],"about":[{"href":"https:\/\/reimagine-project.eu\/ro\/wp-json\/wp\/v2\/types\/page"}],"author":[{"embeddable":true,"href":"https:\/\/reimagine-project.eu\/ro\/wp-json\/wp\/v2\/users\/3"}],"replies":[{"embeddable":true,"href":"https:\/\/reimagine-project.eu\/ro\/wp-json\/wp\/v2\/comments?post=2644"}],"version-history":[{"count":13,"href":"https:\/\/reimagine-project.eu\/ro\/wp-json\/wp\/v2\/pages\/2644\/revisions"}],"predecessor-version":[{"id":4401,"href":"https:\/\/reimagine-project.eu\/ro\/wp-json\/wp\/v2\/pages\/2644\/revisions\/4401"}],"wp:attachment":[{"href":"https:\/\/reimagine-project.eu\/ro\/wp-json\/wp\/v2\/media?parent=2644"}],"curies":[{"name":"wp","href":"https:\/\/api.w.org\/{rel}","templated":true}]}}